{"id":11,"date":"2023-11-07T01:01:27","date_gmt":"2023-11-07T01:01:27","guid":{"rendered":"https:\/\/gpecom.org\/2026\/awards\/"},"modified":"2025-12-11T20:15:52","modified_gmt":"2025-12-11T20:15:52","slug":"awards","status":"publish","type":"page","link":"https:\/\/gpecom.org\/2026\/awards\/","title":{"rendered":"Awards"},"content":{"rendered":"\t\t<div data-elementor-type=\"wp-page\" data-elementor-id=\"11\" class=\"elementor elementor-11\">\n\t\t\t\t<div class=\"elementor-element elementor-element-9907170 e-flex e-con-boxed e-con e-parent\" data-id=\"9907170\" data-element_type=\"container\" data-e-type=\"container\">\n\t\t\t\t\t<div class=\"e-con-inner\">\n\t\t<div class=\"elementor-element elementor-element-1f28625 e-con-full e-flex e-con e-child\" data-id=\"1f28625\" data-element_type=\"container\" data-e-type=\"container\">\n\t\t\t\t<div class=\"elementor-element elementor-element-f1a30d0 elementor-widget elementor-widget-heading\" data-id=\"f1a30d0\" data-element_type=\"widget\" data-e-type=\"widget\" data-widget_type=\"heading.default\">\n\t\t\t\t\t<h2 class=\"elementor-heading-title elementor-size-default\">Annual GPECOM Awards<\/h2>\t\t\t\t<\/div>\n\t\t\t\t<\/div>\n\t\t<div class=\"elementor-element elementor-element-5b3caf3 e-con-full e-flex e-con e-child\" data-id=\"5b3caf3\" data-element_type=\"container\" data-e-type=\"container\">\n\t\t\t\t<div class=\"elementor-element elementor-element-1f44cf5 elementor-widget__width-initial elementor-widget elementor-widget-text-editor\" data-id=\"1f44cf5\" data-element_type=\"widget\" data-e-type=\"widget\" data-widget_type=\"text-editor.default\">\n\t\t\t\t\t\t\t\t\t<h4><span style=\"color: #00827f;\"><strong>Dr. Muhammad Harunur Rashid Best Paper Awards<\/strong><\/span><\/h4><p>Professor Muhammad H. Rashid is generously supporting the GPECOM2026 conference by providing best paper grants aimed at fostering enthusiasm among young professionals and students. There will be a total of four grants, each valued at 250 USD for professional researchers holding a Ph.D. degree and specifically designated for graduate students.<\/p><p><span style=\"font-size: 14px;\">Prof. Muhammad H. Rashid Awards will be presented in categories of<\/span><\/p><p>&#8211; Outstanding Paper Award<br \/>&#8211; Best Student Paper Award<br \/>&#8211; Best Presentation Award<\/p><h4><span style=\"color: #00827f;\"><strong>GPECOM 2026 Best Paper Awards<\/strong><\/span><\/h4><div><span style=\"font-family: 'Roboto Slab', sans-serif; font-size: 14px; font-style: normal; font-weight: 400;\">In addition to\u00a0<\/span><strong style=\"font-family: 'Roboto Slab', sans-serif; font-size: 14px; font-style: normal;\">Dr. Muhammad Harunur Rashid Best Paper Grants<\/strong><span style=\"font-family: 'Roboto Slab', sans-serif; font-size: 14px; font-style: normal; font-weight: 400;\">, Annual GPECOM Awards will be presented in three categories. The nominees will be referred by GPECOM 2026 Program Committee among the presented papers.\u00a0<\/span><br \/><span style=\"font-family: 'Roboto Slab', sans-serif; font-size: 14px; font-style: normal; font-weight: 400;\"><br \/><\/span><\/div><div><span style=\"font-size: 14px;\">GPECOM 2026 Awards will be presented in categories of<\/span><\/div><p>&#8211; GPECOM2026 Best Student Paper Award<br \/>&#8211; GPECOM2026 Outstanding Paper Award<br \/>&#8211; GPECOM2026 Best Presentation Award<\/p><p><span style=\"color: #000000; font-family: 'Roboto Slab', sans-serif; font-size: 14px; font-style: normal; font-weight: 400;\">The exceptional research papers will be celebrated across three specialized domains: Power Electronics and Electrical Machines, Power Systems, and Communication Technologies,\u00a0recognizing in each award category.\u00a0<\/span><\/p><p><span style=\"color: #000000; font-family: 'Roboto Slab', sans-serif; font-size: 14px; font-style: normal; font-weight: 400;\">The Best Student papers of <\/span><span style=\"color: #000000; font-family: 'Roboto Slab', sans-serif; font-size: 14px; font-style: normal;\"><b>GPECOM2026 Awards<\/b><\/span><span style=\"color: #000000; font-family: 'Roboto Slab', sans-serif; font-size: 14px; font-style: normal; font-weight: 400;\"> will be granted with 200 EUR waiver check for the next GPECOM conference.<\/span><\/p>\t\t\t\t\t\t\t\t<\/div>\n\t\t\t\t<div class=\"elementor-element elementor-element-11d870a elementor-position-inline-start elementor-view-default elementor-mobile-position-block-start elementor-widget elementor-widget-icon-box\" data-id=\"11d870a\" data-element_type=\"widget\" data-e-type=\"widget\" data-widget_type=\"icon-box.default\">\n\t\t\t\t\t\t\t<div class=\"elementor-icon-box-wrapper\">\n\n\t\t\t\t\t\t<div class=\"elementor-icon-box-icon\">\n\t\t\t\t<span  class=\"elementor-icon\">\n\t\t\t\t<svg aria-hidden=\"true\" class=\"e-font-icon-svg e-far-newspaper\" viewBox=\"0 0 576 512\" xmlns=\"http:\/\/www.w3.org\/2000\/svg\"><path d=\"M552 64H112c-20.858 0-38.643 13.377-45.248 32H24c-13.255 0-24 10.745-24 24v272c0 30.928 25.072 56 56 56h496c13.255 0 24-10.745 24-24V88c0-13.255-10.745-24-24-24zM48 392V144h16v248c0 4.411-3.589 8-8 8s-8-3.589-8-8zm480 8H111.422c.374-2.614.578-5.283.578-8V112h416v288zM172 280h136c6.627 0 12-5.373 12-12v-96c0-6.627-5.373-12-12-12H172c-6.627 0-12 5.373-12 12v96c0 6.627 5.373 12 12 12zm28-80h80v40h-80v-40zm-40 140v-24c0-6.627 5.373-12 12-12h136c6.627 0 12 5.373 12 12v24c0 6.627-5.373 12-12 12H172c-6.627 0-12-5.373-12-12zm192 0v-24c0-6.627 5.373-12 12-12h104c6.627 0 12 5.373 12 12v24c0 6.627-5.373 12-12 12H364c-6.627 0-12-5.373-12-12zm0-144v-24c0-6.627 5.373-12 12-12h104c6.627 0 12 5.373 12 12v24c0 6.627-5.373 12-12 12H364c-6.627 0-12-5.373-12-12zm0 72v-24c0-6.627 5.373-12 12-12h104c6.627 0 12 5.373 12 12v24c0 6.627-5.373 12-12 12H364c-6.627 0-12-5.373-12-12z\"><\/path><\/svg>\t\t\t\t<\/span>\n\t\t\t<\/div>\n\t\t\t\n\t\t\t\t\t\t<div class=\"elementor-icon-box-content\">\n\n\t\t\t\t\t\t\t\t\t<h2 class=\"elementor-icon-box-title\">\n\t\t\t\t\t\t<span  >\n\t\t\t\t\t\t\tBest Paper Awards Presented at IEEE GPECOM2025\t\t\t\t\t\t<\/span>\n\t\t\t\t\t<\/h2>\n\t\t\t\t\n\t\t\t\t\n\t\t\t<\/div>\n\t\t\t\n\t\t<\/div>\n\t\t\t\t\t\t<\/div>\n\t\t\t\t<div class=\"elementor-element elementor-element-a216195 elementor-widget elementor-widget-text-editor\" data-id=\"a216195\" data-element_type=\"widget\" data-e-type=\"widget\" data-settings=\"{&quot;_animation&quot;:&quot;none&quot;}\" data-widget_type=\"text-editor.default\">\n\t\t\t\t\t\t\t\t\t<p style=\"font-family: 'Roboto Slab', sans-serif; font-size: 14px; font-style: normal; font-weight: 400;\">IEEE GPECOM2025 recognized outstanding research papers in three specialized domains: Power Electronics and Electrical Machines, Power Systems, and Communication Technologies. The awards recognize the Outstanding Paper, Best Student Paper, and Best Presentation in each area.<\/p><p style=\"font-family: 'Roboto Slab', sans-serif; font-size: 14px; font-style: normal; font-weight: 400;\">Congratulations to all award winners!<\/p><div style=\"font-family: 'Roboto Slab', sans-serif; font-size: 14px; font-style: normal; font-weight: 400;\"><\/div><div>\u00a0<\/div><p style=\"font-family: 'Roboto Slab', sans-serif; font-size: 14px; font-style: normal; font-weight: 400;\"><strong style=\"font-size: 14px;\">Power Electronics and Electric Machines<\/strong><\/p><ul style=\"font-family: 'Roboto Slab', sans-serif; font-size: 14px; font-style: normal; font-weight: 400;\"><li style=\"font-size: 14px;\">ID 227: Designing an IGBT-Based Active Front-End Rectifier with Voltage Oriented-based Control for Power-to-Hydrogen Electrolyzers; Arman Fathollahi, Torsten Wildenradt Nielsen, Bj\u00f6rn Andresen, Christian Dannesboe (<strong style=\"font-size: 14px;\">Outstanding<\/strong>\u00a0<strong style=\"font-size: 14px;\">paper in Power Electronics<\/strong>)<\/li><li style=\"font-size: 14px;\">ID 137: A Novel Coenergy Based Torque Calculation Method for the Reluctance Motor Drives of Electric Vehicles; Rich\u00e1rd Csaba Kov\u00e1cs, Vilmos Paiss, Tibor Vajsz, Csongor Horv\u00e1th, Istv\u00e1n Sz\u00e1szi (<strong style=\"font-size: 14px;\">Best Student paper in\u00a0Power Electronics<\/strong>)<\/li><li style=\"font-size: 14px;\">ID 309: Modeling of a Two-Level Inverter with an SPMSM as Part of a Load Sided Resonant Inverter Under Fundamental Frequency Switching; Jan Loos, Kerstin Siebert, Holger Hirsch (<strong style=\"font-size: 14px;\">Best presentation in\u00a0Power Electronics<\/strong>)<\/li><\/ul><p style=\"font-family: 'Roboto Slab', sans-serif; font-size: 14px; font-style: normal; font-weight: 400;\"><strong style=\"font-size: 14px;\">Power Systems<\/strong><\/p><ul style=\"font-family: 'Roboto Slab', sans-serif; font-size: 14px; font-style: normal; font-weight: 400;\"><li style=\"font-size: 14px;\">ID 222: Direct Interfacing of Admittance-Based Aggregated Models of Converter-Interfaced Resources in Nodal Analysis EMT Simulators; Arash Safavizadeh, Rahul Raman Ramesh, Seyyedmilad Ebrahimi, Juri Jatskevich (<strong style=\"font-size: 14px;\">Outstanding\u00a0paper in Power Systems<\/strong>)<\/li><li style=\"font-size: 14px;\">ID 442: A Cost-Effective Approach for Reliable Operation of Sustainable Industrial Multi-Energy Systems; Coen Tonnaer, Camila Castrillon-Franco, Jose Luis Rueda-Torres, Jonathan Aviles Cedeno, Peter Palensky (<strong style=\"font-size: 14px;\">Best Student paper in\u00a0Power Systems<\/strong>)<\/li><li style=\"font-size: 14px;\">ID 388: Overview of Current Limitation Methods for Grid Forming Converters; Mohamed El Mahdi Bouaoud; Loknadh Salagamsetty; Lijun Cai (<strong style=\"font-size: 14px;\">Best presentation in\u00a0Power Systems<\/strong>)<\/li><\/ul><p style=\"font-family: 'Roboto Slab', sans-serif; font-size: 14px; font-style: normal; font-weight: 400;\"><strong style=\"font-size: 14px;\">Communication Technologies<\/strong><\/p><ul style=\"font-family: 'Roboto Slab', sans-serif; font-size: 14px; font-style: normal; font-weight: 400;\"><li style=\"font-size: 14px;\">ID 423: Remote Monitoring and Control of Distributed Energy Resources via 5G; Rezeq Direya, Ville Ollikainen, Ferdinanda Ponci, Antonello Monti (<strong style=\"font-size: 14px;\">Outstanding\u00a0paper in Communication Technologies<\/strong>)<\/li><li style=\"font-size: 14px;\">ID 378: Joint RIS Leasing and Energy Management for Delay-Tolerant 6G Networks; Zawar Hussain, Naveed Ul Hassan, Ijaz Haider Naqvi (<strong style=\"font-size: 14px;\">Best student paper in Communication Technologies<\/strong>)<\/li><li style=\"font-size: 14px;\">ID 103: Building Energy Management System Using RB-NMPC: Modeling, Validation, and Test Methods; Imene Benrabia, Dirk S\u00f6ffker (<strong style=\"font-size: 14px;\">Best presentation paper in Communication Technologies<\/strong>)<\/li><\/ul>\t\t\t\t\t\t\t\t<\/div>\n\t\t\t\t<\/div>\n\t\t\t\t\t<\/div>\n\t\t\t\t<\/div>\n\t\t\t\t<\/div>\n\t\t","protected":false},"excerpt":{"rendered":"<p>Annual GPECOM Awards Dr. Muhammad Harunur Rashid Best Paper Awards Professor Muhammad H. Rashid is generously supporting the GPECOM2026 conference by providing best paper grants aimed at fostering enthusiasm among young professionals and students. There will be a total of four grants, each valued at 250 USD for professional researchers holding a Ph.D. degree and<\/p>\n<p class=\"more-link\"><a href=\"https:\/\/gpecom.org\/2026\/awards\/\" class=\"themebutton\">Read More<\/a><\/p>\n","protected":false},"author":1,"featured_media":0,"parent":0,"menu_order":0,"comment_status":"closed","ping_status":"closed","template":"","meta":{"footnotes":""},"class_list":["post-11","page","type-page","status-publish","hentry"],"_links":{"self":[{"href":"https:\/\/gpecom.org\/2026\/wp-json\/wp\/v2\/pages\/11","targetHints":{"allow":["GET"]}}],"collection":[{"href":"https:\/\/gpecom.org\/2026\/wp-json\/wp\/v2\/pages"}],"about":[{"href":"https:\/\/gpecom.org\/2026\/wp-json\/wp\/v2\/types\/page"}],"author":[{"embeddable":true,"href":"https:\/\/gpecom.org\/2026\/wp-json\/wp\/v2\/users\/1"}],"replies":[{"embeddable":true,"href":"https:\/\/gpecom.org\/2026\/wp-json\/wp\/v2\/comments?post=11"}],"version-history":[{"count":12,"href":"https:\/\/gpecom.org\/2026\/wp-json\/wp\/v2\/pages\/11\/revisions"}],"predecessor-version":[{"id":324,"href":"https:\/\/gpecom.org\/2026\/wp-json\/wp\/v2\/pages\/11\/revisions\/324"}],"wp:attachment":[{"href":"https:\/\/gpecom.org\/2026\/wp-json\/wp\/v2\/media?parent=11"}],"curies":[{"name":"wp","href":"https:\/\/api.w.org\/{rel}","templated":true}]}}