{"id":144,"date":"2023-11-07T01:01:27","date_gmt":"2023-11-07T01:01:27","guid":{"rendered":"https:\/\/gpecom.org\/2026\/?page_id=144"},"modified":"2025-06-25T08:43:47","modified_gmt":"2025-06-25T08:43:47","slug":"awards","status":"publish","type":"page","link":"https:\/\/gpecom.org\/2025\/awards\/","title":{"rendered":"Awards"},"content":{"rendered":"\t\t<div data-elementor-type=\"wp-page\" data-elementor-id=\"144\" class=\"elementor elementor-144\">\n\t\t\t\t<div class=\"elementor-element elementor-element-6d6b9e6 e-flex e-con-boxed e-con e-parent\" data-id=\"6d6b9e6\" data-element_type=\"container\" data-e-type=\"container\">\n\t\t\t\t\t<div class=\"e-con-inner\">\n\t\t\t\t<div class=\"elementor-element elementor-element-ead41b8 elementor-widget elementor-widget-heading\" data-id=\"ead41b8\" data-element_type=\"widget\" data-e-type=\"widget\" data-widget_type=\"heading.default\">\n\t\t\t\t<div class=\"elementor-widget-container\">\n\t\t\t\t\t<h2 class=\"elementor-heading-title elementor-size-default\">Annual GPECOM Awards<\/h2>\t\t\t\t<\/div>\n\t\t\t\t<\/div>\n\t\t\t\t\t<\/div>\n\t\t\t\t<\/div>\n\t\t<div class=\"elementor-element elementor-element-4a12e74 e-flex e-con-boxed e-con e-parent\" data-id=\"4a12e74\" data-element_type=\"container\" data-e-type=\"container\">\n\t\t\t\t\t<div class=\"e-con-inner\">\n\t\t\t\t<div class=\"elementor-element elementor-element-42e80c4 elementor-widget__width-initial elementor-widget elementor-widget-text-editor\" data-id=\"42e80c4\" data-element_type=\"widget\" data-e-type=\"widget\" data-widget_type=\"text-editor.default\">\n\t\t\t\t<div class=\"elementor-widget-container\">\n\t\t\t\t\t\t\t\t\t<h4><span style=\"color: #00827f;\"><strong>Best Paper Awards<\/strong><\/span><\/h4>\n<div><span style=\"font-family: 'Roboto Slab', sans-serif; font-size: 14px; font-style: normal; font-weight: 400;\">Outstanding Paper, and Best Presentation Awards will be presented to authors of selected and referred by GPECOM 2025 Program Committee. <\/span><span style=\"font-size: 14px;\">A potential paper should be presented at the conference in order to be nominated for any type of awards.&nbsp;<\/span><br><span style=\"font-size: 14px;\"><br><\/span><\/div>\n<div><span style=\"font-size: 14px;\">GPECOM 2025 Awards will be presented in categories of<\/span><\/div>\n<p>&#8211; GPECOM2025 Best Student Paper Award<br>&#8211; GPECOM2025 Outstanding Paper Award<br>&#8211; GPECOM2025 Best Presentation Award<\/p>\t\t\t\t\t\t\t\t<\/div>\n\t\t\t\t<\/div>\n\t\t\t\t<div class=\"elementor-element elementor-element-dc85729 elementor-position-inline-start elementor-view-default elementor-mobile-position-block-start elementor-widget elementor-widget-icon-box\" data-id=\"dc85729\" data-element_type=\"widget\" data-e-type=\"widget\" data-widget_type=\"icon-box.default\">\n\t\t\t\t<div class=\"elementor-widget-container\">\n\t\t\t\t\t\t\t<div class=\"elementor-icon-box-wrapper\">\n\n\t\t\t\t\t\t<div class=\"elementor-icon-box-icon\">\n\t\t\t\t<span  class=\"elementor-icon\">\n\t\t\t\t<i aria-hidden=\"true\" class=\"far fa-newspaper\"><\/i>\t\t\t\t<\/span>\n\t\t\t<\/div>\n\t\t\t\n\t\t\t\t\t\t<div class=\"elementor-icon-box-content\">\n\n\t\t\t\t\t\t\t\t\t<h2 class=\"elementor-icon-box-title\">\n\t\t\t\t\t\t<span  >\n\t\t\t\t\t\t\tBest Paper Awards Presented at IEEE GPECOM2025\t\t\t\t\t\t<\/span>\n\t\t\t\t\t<\/h2>\n\t\t\t\t\n\t\t\t\t\n\t\t\t<\/div>\n\t\t\t\n\t\t<\/div>\n\t\t\t\t\t\t<\/div>\n\t\t\t\t<\/div>\n\t\t\t\t<div class=\"elementor-element elementor-element-d2b8678 elementor-widget elementor-widget-text-editor\" data-id=\"d2b8678\" data-element_type=\"widget\" data-e-type=\"widget\" data-settings=\"{&quot;_animation&quot;:&quot;none&quot;}\" data-widget_type=\"text-editor.default\">\n\t\t\t\t<div class=\"elementor-widget-container\">\n\t\t\t\t\t\t\t\t\t<p style=\"font-family: &quot;Roboto Slab&quot;, sans-serif; font-size: 14px; font-style: normal; font-weight: 400;\">IEEE GPECOM2025 recognized outstanding research papers in three specialized domains: Power Electronics and Electrical Machines, Power Systems, and Communication Technologies. The awards recognize the Outstanding Paper, Best Student Paper, and Best Presentation in each area.<\/p><p style=\"font-family: &quot;Roboto Slab&quot;, sans-serif; font-size: 14px; font-style: normal; font-weight: 400;\">Congratulations to all award winners!<\/p><div style=\"font-family: &quot;Roboto Slab&quot;, sans-serif; font-size: 14px; font-style: normal; font-weight: 400;\"><br><br><\/div><p style=\"font-family: &quot;Roboto Slab&quot;, sans-serif; font-size: 14px; font-style: normal; font-weight: 400;\">\n\t\t<!-- MasterSlider -->\n\t\t<div id=\"P_MS69d4dbc589303\" class=\"master-slider-parent msl ms-parent-id-4\" style=\"max-width:700px;\">\n\n\t\t\t\n\t\t\t<!-- MasterSlider Main -->\n\t\t\t<div id=\"MS69d4dbc589303\" class=\"master-slider ms-skin-default\" >\n\t\t\t\t \t\t\t\t \n\t\t\t\t<div  class=\"ms-slide\" data-delay=\"3\" data-fill-mode=\"fill\"  >\n\t\t\t\t\t<img decoding=\"async\" src=\"https:\/\/gpecom.org\/2025\/wp-content\/plugins\/master-slider\/public\/assets\/css\/blank.gif\" alt=\"\" title=\"\" data-src=\"https:\/\/gpecom.org\/2025\/wp-content\/uploads\/sites\/11\/2025\/06\/1_BestPaper_1.jpg\" \/>\n\n\n\t<div class=\"ms-thumb\" ><div class=\"ms-tab-context\"><div class=\"&quot;ms-tab-context&quot;\"><\/div><\/div>\n<\/div>\n\t\t\t\t<\/div>\n\t\t\t\t<div  class=\"ms-slide\" data-delay=\"3\" data-fill-mode=\"fill\"  >\n\t\t\t\t\t<img decoding=\"async\" src=\"https:\/\/gpecom.org\/2025\/wp-content\/plugins\/master-slider\/public\/assets\/css\/blank.gif\" alt=\"\" title=\"\" data-src=\"https:\/\/gpecom.org\/2025\/wp-content\/uploads\/sites\/11\/2025\/06\/2_Best-Student_1.jpg\" \/>\n\n\n\t<div class=\"ms-thumb\" ><div class=\"ms-tab-context\"><div class=\"&quot;ms-tab-context&quot;\"><\/div><\/div>\n<\/div>\n\t\t\t\t<\/div>\n\t\t\t\t<div  class=\"ms-slide\" data-delay=\"3\" data-fill-mode=\"fill\"  >\n\t\t\t\t\t<img decoding=\"async\" src=\"https:\/\/gpecom.org\/2025\/wp-content\/plugins\/master-slider\/public\/assets\/css\/blank.gif\" alt=\"\" title=\"\" data-src=\"https:\/\/gpecom.org\/2025\/wp-content\/uploads\/sites\/11\/2025\/06\/3_Best-Presentation_1.jpg\" \/>\n\n\n\t<div class=\"ms-thumb\" ><div class=\"ms-tab-context\"><div class=\"&quot;ms-tab-context&quot;\"><\/div><\/div>\n<\/div>\n\t\t\t\t<\/div>\n\t\t\t\t<div  class=\"ms-slide\" data-delay=\"3\" data-fill-mode=\"fill\"  >\n\t\t\t\t\t<img decoding=\"async\" src=\"https:\/\/gpecom.org\/2025\/wp-content\/plugins\/master-slider\/public\/assets\/css\/blank.gif\" alt=\"\" title=\"\" data-src=\"https:\/\/gpecom.org\/2025\/wp-content\/uploads\/sites\/11\/2025\/06\/4_BestPaper_2.jpg\" \/>\n\n\n\t<div class=\"ms-thumb\" ><div class=\"ms-tab-context\"><div class=\"&quot;ms-tab-context&quot;\"><\/div><\/div>\n<\/div>\n\t\t\t\t<\/div>\n\t\t\t\t<div  class=\"ms-slide\" data-delay=\"3\" data-fill-mode=\"fill\"  >\n\t\t\t\t\t<img decoding=\"async\" src=\"https:\/\/gpecom.org\/2025\/wp-content\/plugins\/master-slider\/public\/assets\/css\/blank.gif\" alt=\"\" title=\"\" data-src=\"https:\/\/gpecom.org\/2025\/wp-content\/uploads\/sites\/11\/2025\/06\/5_Best-Student_2.jpg\" \/>\n\n\n\t<div class=\"ms-thumb\" ><div class=\"ms-tab-context\"><div class=\"&quot;ms-tab-context&quot;\"><\/div><\/div>\n<\/div>\n\t\t\t\t<\/div>\n\t\t\t\t<div  class=\"ms-slide\" data-delay=\"3\" data-fill-mode=\"fill\"  >\n\t\t\t\t\t<img decoding=\"async\" src=\"https:\/\/gpecom.org\/2025\/wp-content\/plugins\/master-slider\/public\/assets\/css\/blank.gif\" alt=\"\" title=\"\" data-src=\"https:\/\/gpecom.org\/2025\/wp-content\/uploads\/sites\/11\/2025\/06\/6_Best-Presentation_2.jpg\" \/>\n\n\n\t<div class=\"ms-thumb\" ><div class=\"ms-tab-context\"><div class=\"&quot;ms-tab-context&quot;\"><\/div><\/div>\n<\/div>\n\t\t\t\t<\/div>\n\t\t\t\t<div  class=\"ms-slide\" data-delay=\"3\" data-fill-mode=\"fill\"  >\n\t\t\t\t\t<img decoding=\"async\" src=\"https:\/\/gpecom.org\/2025\/wp-content\/plugins\/master-slider\/public\/assets\/css\/blank.gif\" alt=\"\" title=\"\" data-src=\"https:\/\/gpecom.org\/2025\/wp-content\/uploads\/sites\/11\/2025\/06\/7_BestPaper_3.jpg\" \/>\n\n\n\t<div class=\"ms-thumb\" ><div class=\"ms-tab-context\"><div class=\"&quot;ms-tab-context&quot;\"><\/div><\/div>\n<\/div>\n\t\t\t\t<\/div>\n\t\t\t\t<div  class=\"ms-slide\" data-delay=\"3\" data-fill-mode=\"fill\"  >\n\t\t\t\t\t<img decoding=\"async\" src=\"https:\/\/gpecom.org\/2025\/wp-content\/plugins\/master-slider\/public\/assets\/css\/blank.gif\" alt=\"\" title=\"\" data-src=\"https:\/\/gpecom.org\/2025\/wp-content\/uploads\/sites\/11\/2025\/06\/8_Best-Student_3.jpg\" \/>\n\n\n\t<div class=\"ms-thumb\" ><div class=\"ms-tab-context\"><div class=\"&quot;ms-tab-context&quot;\"><\/div><\/div>\n<\/div>\n\t\t\t\t<\/div>\n\t\t\t\t<div  class=\"ms-slide\" data-delay=\"3\" data-fill-mode=\"fill\"  >\n\t\t\t\t\t<img decoding=\"async\" src=\"https:\/\/gpecom.org\/2025\/wp-content\/plugins\/master-slider\/public\/assets\/css\/blank.gif\" alt=\"\" title=\"\" data-src=\"https:\/\/gpecom.org\/2025\/wp-content\/uploads\/sites\/11\/2025\/06\/9_Best-Presentation_3.jpg\" \/>\n\n\n\t<div class=\"ms-thumb\" ><div class=\"ms-tab-context\"><div class=\"&quot;ms-tab-context&quot;\"><\/div><\/div>\n<\/div>\n\t\t\t\t<\/div>\n\n\t\t\t<\/div>\n\t\t\t<!-- END MasterSlider Main -->\n\n\t\t\t \n\t\t<\/div>\n\t\t<!-- END MasterSlider -->\n\n\t\t<script>\n\t\t(function ( $ ) {\n\t\t\t\"use strict\";\n\n\t\t\t$(function () {\n\t\t\t\tvar masterslider_9303 = new MasterSlider();\n\n\t\t\t\t\/\/ slider controls\n\t\t\t\tmasterslider_9303.control('arrows'     ,{ autohide:true, overVideo:true  });\n\t\t\t\t\/\/ slider setup\n\t\t\t\tmasterslider_9303.setup(\"MS69d4dbc589303\", {\n\t\t\t\t\t\twidth           : 700,\n\t\t\t\t\t\theight          : 500,\n\t\t\t\t\t\tminHeight       : 0,\n\t\t\t\t\t\tspace           : 0,\n\t\t\t\t\t\tstart           : 1,\n\t\t\t\t\t\tgrabCursor      : true,\n\t\t\t\t\t\tswipe           : true,\n\t\t\t\t\t\tmouse           : true,\n\t\t\t\t\t\tlayout          : \"boxed\",\n\t\t\t\t\t\twheel           : false,\n\t\t\t\t\t\tautoplay        : true,\n\t\t\t\t\t\tinstantStartLayers:false,\n\t\t\t\t\t\tloop            : true,\n\t\t\t\t\t\tshuffle         : false,\n\t\t\t\t\t\tpreload         : 0,\n\t\t\t\t\t\theightLimit     : true,\n\t\t\t\t\t\tautoHeight      : false,\n\t\t\t\t\t\tsmoothHeight    : true,\n\t\t\t\t\t\tendPause        : false,\n\t\t\t\t\t\toverPause       : true,\n\t\t\t\t\t\tfillMode        : \"fill\",\n\t\t\t\t\t\tcenterControls  : true,\n\t\t\t\t\t\tstartOnAppear   : false,\n\t\t\t\t\t\tlayersMode      : \"center\",\n\t\t\t\t\t\thideLayers      : false,\n\t\t\t\t\t\tfullscreenMargin: 0,\n\t\t\t\t\t\tspeed           : 10,\n\t\t\t\t\t\tdir             : \"h\",\n\t\t\t\t\t\tparallaxMode    : 'swipe',\n\t\t\t\t\t\tview            : \"basic\"\n\t\t\t\t});\n\n\t\t\t\t\n\t\t\t\twindow.masterslider_instances = window.masterslider_instances || [];\n\t\t\t\twindow.masterslider_instances.push( masterslider_9303 );\n\t\t\t });\n\n\t\t})(jQuery);\n\t\t<\/script>\n\n<\/p><p style=\"font-family: &quot;Roboto Slab&quot;, sans-serif; font-size: 14px; font-style: normal; font-weight: 400;\"><strong style=\"font-size: 14px;\">Power Electronics and Electric Machines<\/strong><\/p><ul style=\"font-family: &quot;Roboto Slab&quot;, sans-serif; font-size: 14px; font-style: normal; font-weight: 400;\"><li style=\"font-size: 14px;\">ID 227: Designing an IGBT-Based Active Front-End Rectifier with Voltage Oriented-based Control for Power-to-Hydrogen Electrolyzers; Arman Fathollahi, Torsten Wildenradt Nielsen, Bj\u00f6rn Andresen, Christian Dannesboe (<strong style=\"font-size: 14px;\">Outstanding<\/strong>&nbsp;<strong style=\"font-size: 14px;\">paper in Power Electronics<\/strong>)<\/li><li style=\"font-size: 14px;\">ID 137: A Novel Coenergy Based Torque Calculation Method for the Reluctance Motor Drives of Electric Vehicles; Rich\u00e1rd Csaba Kov\u00e1cs, Vilmos Paiss, Tibor Vajsz, Csongor Horv\u00e1th, Istv\u00e1n Sz\u00e1szi (<strong style=\"font-size: 14px;\">Best Student paper in&nbsp;Power Electronics<\/strong>)<\/li><li style=\"font-size: 14px;\">ID 309: Modeling of a Two-Level Inverter with an SPMSM as Part of a Load Sided Resonant Inverter Under Fundamental Frequency Switching; Jan Loos, Kerstin Siebert, Holger Hirsch (<strong style=\"font-size: 14px;\">Best presentation in&nbsp;Power Electronics<\/strong>)<\/li><\/ul><p style=\"font-family: &quot;Roboto Slab&quot;, sans-serif; font-size: 14px; font-style: normal; font-weight: 400;\"><strong style=\"font-size: 14px;\">Power Systems<\/strong><\/p><ul style=\"font-family: &quot;Roboto Slab&quot;, sans-serif; font-size: 14px; font-style: normal; font-weight: 400;\"><li style=\"font-size: 14px;\">ID 222: Direct Interfacing of Admittance-Based Aggregated Models of Converter-Interfaced Resources in Nodal Analysis EMT Simulators; Arash Safavizadeh, Rahul Raman Ramesh, Seyyedmilad Ebrahimi, Juri Jatskevich (<strong style=\"font-size: 14px;\">Outstanding&nbsp;paper in Power Systems<\/strong>)<\/li><li style=\"font-size: 14px;\">ID 442: A Cost-Effective Approach for Reliable Operation of Sustainable Industrial Multi-Energy Systems; Coen Tonnaer, Camila Castrillon-Franco, Jose Luis Rueda-Torres, Jonathan Aviles Cedeno, Peter Palensky (<strong style=\"font-size: 14px;\">Best Student paper in&nbsp;Power Systems<\/strong>)<\/li><li style=\"font-size: 14px;\">ID 388: Overview of Current Limitation Methods for Grid Forming Converters; Mohamed El Mahdi Bouaoud; Loknadh Salagamsetty; Lijun Cai (<strong style=\"font-size: 14px;\">Best presentation in&nbsp;Power Systems<\/strong>)<\/li><\/ul><p style=\"font-family: &quot;Roboto Slab&quot;, sans-serif; font-size: 14px; font-style: normal; font-weight: 400;\"><strong style=\"font-size: 14px;\">Communication Technologies<\/strong><\/p><ul style=\"font-family: &quot;Roboto Slab&quot;, sans-serif; font-size: 14px; font-style: normal; font-weight: 400;\"><li style=\"font-size: 14px;\">ID 423: Remote Monitoring and Control of Distributed Energy Resources via 5G; Rezeq Direya, Ville Ollikainen, Ferdinanda Ponci, Antonello Monti (<strong style=\"font-size: 14px;\">Outstanding&nbsp;paper in Communication Technologies<\/strong>)<\/li><li style=\"font-size: 14px;\">ID 378: Joint RIS Leasing and Energy Management for Delay-Tolerant 6G Networks; Zawar Hussain, Naveed Ul Hassan, Ijaz Haider Naqvi (<strong style=\"font-size: 14px;\">Best student paper in Communication Technologies<\/strong>)<\/li><li style=\"font-size: 14px;\">ID 103: Building Energy Management System Using RB-NMPC: Modeling, Validation, and Test Methods; Imene Benrabia, Dirk S\u00f6ffker (<strong style=\"font-size: 14px;\">Best presentation paper in Communication Technologies<\/strong>)<\/li><\/ul>\t\t\t\t\t\t\t\t<\/div>\n\t\t\t\t<\/div>\n\t\t\t\t\t<\/div>\n\t\t\t\t<\/div>\n\t\t\t\t<\/div>\n\t\t","protected":false},"excerpt":{"rendered":"<p>Annual GPECOM Awards Best Paper Awards Outstanding Paper, and Best Presentation Awards will be presented to authors of selected and referred by GPECOM 2025 Program Committee. A potential paper should be presented at the conference in order to be nominated for any type of awards.&nbsp; GPECOM 2025 Awards will be presented in categories of &#8211;<\/p>\n<p class=\"more-link\"><a href=\"https:\/\/gpecom.org\/2025\/awards\/\" class=\"themebutton\">Read More<\/a><\/p>\n","protected":false},"author":1,"featured_media":0,"parent":0,"menu_order":0,"comment_status":"closed","ping_status":"closed","template":"","meta":{"footnotes":""},"class_list":["post-144","page","type-page","status-publish","hentry"],"_links":{"self":[{"href":"https:\/\/gpecom.org\/2025\/wp-json\/wp\/v2\/pages\/144","targetHints":{"allow":["GET"]}}],"collection":[{"href":"https:\/\/gpecom.org\/2025\/wp-json\/wp\/v2\/pages"}],"about":[{"href":"https:\/\/gpecom.org\/2025\/wp-json\/wp\/v2\/types\/page"}],"author":[{"embeddable":true,"href":"https:\/\/gpecom.org\/2025\/wp-json\/wp\/v2\/users\/1"}],"replies":[{"embeddable":true,"href":"https:\/\/gpecom.org\/2025\/wp-json\/wp\/v2\/comments?post=144"}],"version-history":[{"count":19,"href":"https:\/\/gpecom.org\/2025\/wp-json\/wp\/v2\/pages\/144\/revisions"}],"predecessor-version":[{"id":1584,"href":"https:\/\/gpecom.org\/2025\/wp-json\/wp\/v2\/pages\/144\/revisions\/1584"}],"wp:attachment":[{"href":"https:\/\/gpecom.org\/2025\/wp-json\/wp\/v2\/media?parent=144"}],"curies":[{"name":"wp","href":"https:\/\/api.w.org\/{rel}","templated":true}]}}