{"id":108,"date":"2023-11-07T00:21:07","date_gmt":"2023-11-07T00:21:07","guid":{"rendered":"https:\/\/gpecom.org\/2024\/?page_id=108"},"modified":"2024-05-14T10:48:56","modified_gmt":"2024-05-14T10:48:56","slug":"venue","status":"publish","type":"page","link":"https:\/\/gpecom.org\/2024\/venue\/","title":{"rendered":"Venue"},"content":{"rendered":"\t\t<div data-elementor-type=\"wp-page\" data-elementor-id=\"108\" class=\"elementor elementor-108\">\n\t\t\t\t<div class=\"elementor-element elementor-element-e003833 e-flex e-con-boxed e-con e-parent\" data-id=\"e003833\" data-element_type=\"container\" data-e-type=\"container\">\n\t\t\t\t\t<div class=\"e-con-inner\">\n\t\t\t\t<div class=\"elementor-element elementor-element-2fb92d1 elementor-widget elementor-widget-heading\" data-id=\"2fb92d1\" data-element_type=\"widget\" data-e-type=\"widget\" data-widget_type=\"heading.default\">\n\t\t\t\t<div class=\"elementor-widget-container\">\n\t\t\t\t\t<h2 class=\"elementor-heading-title elementor-size-default\">Bosch Budapest Innovation Campus <\/h2>\t\t\t\t<\/div>\n\t\t\t\t<\/div>\n\t\t\t\t\t<\/div>\n\t\t\t\t<\/div>\n\t\t<div class=\"elementor-element elementor-element-5a0cfd8 e-flex e-con-boxed e-con e-parent\" data-id=\"5a0cfd8\" data-element_type=\"container\" data-e-type=\"container\">\n\t\t\t\t\t<div class=\"e-con-inner\">\n\t\t\t\t<div class=\"elementor-element elementor-element-b50ac4f elementor-widget elementor-widget-text-editor\" data-id=\"b50ac4f\" data-element_type=\"widget\" data-e-type=\"widget\" data-widget_type=\"text-editor.default\">\n\t\t\t\t<div class=\"elementor-widget-container\">\n\t\t\t\t\t\t\t\t\t<p>The Bosch Budapest Innovation Campus is a vision of the workplace of the future, providing an inspiring and creative working environment for the employees. The design of the different functions is in line with the company&#8217;s new way of working concept. Taking into account the latest HR trends and feedback from employees, the architectural design placed particular emphasis on creating collaborative spaces for creative thinking and inspiration, and meeting rooms were equipped with state-of-the-art technology for professional online meetings. Working and recharging can not only happen inside but also in the roof garden and the green park surrounding the building. In addition to the basic functions, the main building includes a 500-seat auditorium equipped with state-of-the-art conference technology, which hosts professional, business, and artistic events in addition to internal events.<\/p><p><span style=\"font-size: 14px; color: var( --e-global-color-text );\">The Budapest Engineering Center is an important location for Bosch&#8217;s global developments. It is Bosch&#8217;s one of the largest development centers in Europe in terms of staff numbers. Around 3,000 experts \u2013 programmers, electrical engineers, mechanical engineers, physicists \u2013 are shaping the future, in particular the future of mobility, at Gy\u00f6mr\u0151i \u00fat. The Bosch Budapest Innovation Campus is home to 1,800 next-generation workplaces, 14,000 square meters of instrumented research and test laboratories, a special outdoor test track and a high-tech giant test hall, all of which serve the company&#8217;s wide-ranging technological developments. &#8220;The new Bosch Budapest Innovation Campus will play a key role in the development of our electromobility and automated driving solutions. The creation of the new campus was brought to reason by the dynamic domestic growth of the Bosch Group and its next-generation development projects.&#8221; said Dr. Istv\u00e1n Sz\u00e1szi, representative of the Bosch Group in Hungary and in the Adria region.<\/span><\/p><p><span style=\"font-size: 14px; color: var( --e-global-color-text );\">An important part of the new Bosch campus in Budapest is the 10,000 square meter instrumented test track with its unique facilities. Here, ultrasonic, radar and camera-based driver assistance systems for the vehicles of the future can be measured and fine-tuned under controlled conditions on a wide variety of road surfaces and in a range of simulation situations. The enclosed test track has its own fuel and electric charging stations, and a special track lighting system has been installed to realistically simulate twilight and night-time lighting conditions.<\/span><\/p><p><span style=\"font-size: 14px; color: var( --e-global-color-text );\">One of the special features of the Bosch Budapest Innovation Campus is a test hall that can accommodate several semi-trailer trucks at the same time, where precision giant measuring chambers are to be used to develop and test the passenger and commercial vehicles of the future. In the test hall, special equipment used in the aerospace industry and aerospace technology will ensure extremely precise measurements for the fine sensors of the vehicles, while completely filtering out ambient vibrations.<\/span><\/p><p><span style=\"color: #2e3032; font-family: 'Bosch Sans', Helvetica, Arial, sans-serif; font-size: 14px; font-style: normal; font-weight: 400; text-align: start;\">\u00a0<\/span><span style=\"font-size: 14px; color: var( --e-global-color-text );\">Source: <\/span><a style=\"font-size: 14px;\" href=\"https:\/\/www.boschmediaservice.hu\/en\/press_release\/bosch_budapest_innovation_campus_2022-346.html\" target=\"_blank\" rel=\"noopener\">Bosch Media Service<\/a><\/p>\t\t\t\t\t\t\t\t<\/div>\n\t\t\t\t<\/div>\n\t\t\t\t<div class=\"elementor-element elementor-element-2127e56 elementor-arrows-position-inside elementor-pagination-position-outside elementor-widget elementor-widget-image-carousel\" data-id=\"2127e56\" data-element_type=\"widget\" data-e-type=\"widget\" data-settings=\"{&quot;slides_to_show&quot;:&quot;1&quot;,&quot;navigation&quot;:&quot;both&quot;,&quot;autoplay&quot;:&quot;yes&quot;,&quot;pause_on_hover&quot;:&quot;yes&quot;,&quot;pause_on_interaction&quot;:&quot;yes&quot;,&quot;autoplay_speed&quot;:5000,&quot;infinite&quot;:&quot;yes&quot;,&quot;effect&quot;:&quot;slide&quot;,&quot;speed&quot;:500}\" data-widget_type=\"image-carousel.default\">\n\t\t\t\t<div class=\"elementor-widget-container\">\n\t\t\t\t\t\t\t<div class=\"elementor-image-carousel-wrapper swiper\" role=\"region\" aria-roledescription=\"carousel\" aria-label=\"Image Carousel\" dir=\"ltr\">\n\t\t\t<div class=\"elementor-image-carousel swiper-wrapper\" aria-live=\"off\">\n\t\t\t\t\t\t\t\t<div class=\"swiper-slide\" role=\"group\" aria-roledescription=\"slide\" aria-label=\"1 of 8\"><figure class=\"swiper-slide-inner\"><img decoding=\"async\" class=\"swiper-slide-image\" src=\"https:\/\/gpecom.org\/2024\/wp-content\/uploads\/sites\/9\/2023\/12\/bosch8-570x456.jpg\" alt=\"bosch8\" \/><\/figure><\/div><div class=\"swiper-slide\" role=\"group\" aria-roledescription=\"slide\" aria-label=\"2 of 8\"><figure class=\"swiper-slide-inner\"><img decoding=\"async\" class=\"swiper-slide-image\" src=\"https:\/\/gpecom.org\/2024\/wp-content\/uploads\/sites\/9\/2023\/12\/bosch1-570x456.jpg\" alt=\"bosch1\" \/><\/figure><\/div><div class=\"swiper-slide\" role=\"group\" aria-roledescription=\"slide\" aria-label=\"3 of 8\"><figure class=\"swiper-slide-inner\"><img decoding=\"async\" class=\"swiper-slide-image\" src=\"https:\/\/gpecom.org\/2024\/wp-content\/uploads\/sites\/9\/2023\/12\/bosch2-570x456.jpg\" alt=\"bosch2\" \/><\/figure><\/div><div class=\"swiper-slide\" role=\"group\" aria-roledescription=\"slide\" aria-label=\"4 of 8\"><figure class=\"swiper-slide-inner\"><img decoding=\"async\" class=\"swiper-slide-image\" src=\"https:\/\/gpecom.org\/2024\/wp-content\/uploads\/sites\/9\/2023\/12\/bosch3-570x456.jpg\" alt=\"bosch3\" \/><\/figure><\/div><div class=\"swiper-slide\" role=\"group\" aria-roledescription=\"slide\" aria-label=\"5 of 8\"><figure class=\"swiper-slide-inner\"><img decoding=\"async\" class=\"swiper-slide-image\" src=\"https:\/\/gpecom.org\/2024\/wp-content\/uploads\/sites\/9\/2023\/12\/bosch4-570x456.jpg\" alt=\"bosch4\" \/><\/figure><\/div><div class=\"swiper-slide\" role=\"group\" aria-roledescription=\"slide\" aria-label=\"6 of 8\"><figure class=\"swiper-slide-inner\"><img decoding=\"async\" class=\"swiper-slide-image\" src=\"https:\/\/gpecom.org\/2024\/wp-content\/uploads\/sites\/9\/2023\/12\/bosch5-570x456.jpg\" alt=\"bosch5\" \/><\/figure><\/div><div class=\"swiper-slide\" role=\"group\" aria-roledescription=\"slide\" aria-label=\"7 of 8\"><figure class=\"swiper-slide-inner\"><img decoding=\"async\" class=\"swiper-slide-image\" src=\"https:\/\/gpecom.org\/2024\/wp-content\/uploads\/sites\/9\/2023\/12\/bosch6-570x456.jpg\" alt=\"bosch6\" \/><\/figure><\/div><div class=\"swiper-slide\" role=\"group\" aria-roledescription=\"slide\" aria-label=\"8 of 8\"><figure class=\"swiper-slide-inner\"><img decoding=\"async\" class=\"swiper-slide-image\" src=\"https:\/\/gpecom.org\/2024\/wp-content\/uploads\/sites\/9\/2023\/12\/bosch7-570x456.jpg\" alt=\"bosch7\" \/><\/figure><\/div>\t\t\t<\/div>\n\t\t\t\t\t\t\t\t\t\t\t\t<div class=\"elementor-swiper-button elementor-swiper-button-prev\" role=\"button\" tabindex=\"0\">\n\t\t\t\t\t\t<i aria-hidden=\"true\" class=\"fas fa-angle-double-left\"><\/i>\t\t\t\t\t<\/div>\n\t\t\t\t\t<div class=\"elementor-swiper-button elementor-swiper-button-next\" role=\"button\" tabindex=\"0\">\n\t\t\t\t\t\t<i aria-hidden=\"true\" class=\"fas fa-angle-double-right\"><\/i>\t\t\t\t\t<\/div>\n\t\t\t\t\n\t\t\t\t\t\t\t\t\t<div class=\"swiper-pagination\"><\/div>\n\t\t\t\t\t\t\t\t\t<\/div>\n\t\t\t\t\t\t<\/div>\n\t\t\t\t<\/div>\n\t\t\t\t\t<\/div>\n\t\t\t\t<\/div>\n\t\t<div class=\"elementor-element elementor-element-a765f64 e-flex e-con-boxed e-con e-parent\" data-id=\"a765f64\" data-element_type=\"container\" data-e-type=\"container\">\n\t\t\t\t\t<div class=\"e-con-inner\">\n\t\t\t\t<div class=\"elementor-element elementor-element-a93e440 elementor-widget elementor-widget-heading\" data-id=\"a93e440\" data-element_type=\"widget\" data-e-type=\"widget\" data-widget_type=\"heading.default\">\n\t\t\t\t<div class=\"elementor-widget-container\">\n\t\t\t\t\t<h2 class=\"elementor-heading-title elementor-size-default\">Access to Venue \/ Accommodation \/ Transportation<\/h2>\t\t\t\t<\/div>\n\t\t\t\t<\/div>\n\t\t\t\t<div class=\"elementor-element elementor-element-48d929d elementor-widget elementor-widget-google_maps\" data-id=\"48d929d\" data-element_type=\"widget\" data-e-type=\"widget\" data-widget_type=\"google_maps.default\">\n\t\t\t\t<div class=\"elementor-widget-container\">\n\t\t\t\t\t\t\t<div class=\"elementor-custom-embed\">\n\t\t\t<iframe loading=\"lazy\"\n\t\t\t\t\tsrc=\"https:\/\/maps.google.com\/maps?q=bosch%20budapest%20campus%20II&#038;t=m&#038;z=14&#038;output=embed&#038;iwloc=near\"\n\t\t\t\t\ttitle=\"bosch budapest campus II\"\n\t\t\t\t\taria-label=\"bosch budapest campus II\"\n\t\t\t><\/iframe>\n\t\t<\/div>\n\t\t\t\t\t\t<\/div>\n\t\t\t\t<\/div>\n\t\t\t\t<div class=\"elementor-element elementor-element-b2daa03 elementor-widget elementor-widget-text-editor\" data-id=\"b2daa03\" data-element_type=\"widget\" data-e-type=\"widget\" data-widget_type=\"text-editor.default\">\n\t\t\t\t<div class=\"elementor-widget-container\">\n\t\t\t\t\t\t\t\t\t<p>The map highlighting the Bosch Budapest Innovation Campus can be viewed larger at Google Maps application or webpage. The &#8220;nearby&#8221; option can be used to see and select the hotels around the Campus, and on the public transportation lines.<\/p>\n<p><strong><span style=\"color: #00825f;\">TRANSPORTATION FROM AIRPORT TO THE CONFERENCE VENUE:<\/span><\/strong><\/p>\n<p>BY BUS: 200E &#8211; Bus line 200E operates day and night between Terminal 2 and Nagyv\u00e1rad t\u00e9r Metro Station. You can take this bus until&nbsp; K\u0151b\u00e1nya-Kispest metro station. For more details about the buses from Budapest Airport, please visit the following link: <a href=\"https:\/\/www.budapest-airport.com\/bus.php\" target=\"_blank\" rel=\"noopener\">https:\/\/www.budapest-airport.com\/bus.php<\/a><\/p>\n<p>(To the Center: 100E&nbsp; Bus- This is a direct bus that links Budapest Airport with downtown -De\u00e1k t\u00e9r. It operates every 30 minutes.)<\/p>\n<p>SHUTTLES: Minibud Shuttles offers shuttle bus services between Budapest Airport and other destinations.<\/p>\n<p>For more details about the buses from Budapest Airport, please visit the following link:&nbsp; <a href=\"https:\/\/www.minibud.hu\/\" target=\"_blank\" rel=\"noopener\">https:\/\/www.minibud.hu\/<\/a><\/p>\n<p>BY TAXI: Transfer from Budapest Airport to the city centre by taxi within approximately 35 minutes and to the conference venue- BOSCH Budapest Innovation Center approximately 20 minutes. F\u0151taxi is the official company in Budapest Airport.<\/p>\n<p>Reservations can be made in person at the F\u0151taxi booths located at the exits of Terminals 2A and 2B. The fare to Budapest city centre is about HUF 7,200 (\u20ac 26.00). Payment by credit card is allowed.<\/p>\n<p>For more details about the buses from Budapest Airport, please visit the following link:&nbsp;&nbsp; <a href=\"https:\/\/fotaxi.hu\/\" target=\"_blank\" rel=\"noopener\">https:\/\/fotaxi.hu\/<\/a><\/p>\n<p>RIDESHARE: Bolt is available at Budapest Airport.<\/p>\n<p>TRANSFERS: If you wish to transfer to and from Budapest Airport on your own, there are several transfer companies available within the airport premises: <a href=\"https:\/\/www.budapest-airport.com\/transfers.php\" target=\"_blank\" rel=\"noopener\">https:\/\/www.budapest-airport.com\/transfers.php<\/a><\/p>\n<p>TRAIN: Since there is no direct connection between Budapest Airport and the train passengers will need to take a further transport to get to the closest train station (Ferihegy Train Station).<\/p>\n<p>To go and come back from Ferihegy Train Station to and from T2 passengers can take bus 200E.<\/p>\n<p>Another option is to take a taxi. Get more information on the <a href=\"https:\/\/fotaxi.hu\/\" target=\"_blank\" rel=\"noopener\">https:\/\/fotaxi.hu\/<\/a><\/p>\n<p>CAR RENTAL: Renting a car in Budapest Airport is a good way to move around. Check the search engine for further details: <a href=\"https:\/\/www.budapest-airport.com\/car-rental.php#\/searchcars\" target=\"_blank\" rel=\"noopener\">https:\/\/www.budapest-airport.com\/car-rental.php#\/searchcars<\/a><\/p>\n<p><strong style=\"font-size: 14px;\"><span style=\"font-size: 14px; color: #00825f;\">HOTELS LOCATED IN THE CITY CENTER:<\/span><\/strong><\/p>\n<div><span style=\"font-size: 14px;\">HOTEL: <\/span><a style=\"font-size: 14px;\" href=\"https:\/\/all.accor.com\/ssr\/app\/ibis\/rates\/2025\/index.nl.shtml?compositions=1&amp;dateIn=2024-05-13&amp;nights=1&amp;facets=ibs&amp;hideHotelDetails=false&amp;hideWDR=false&amp;destination=budapest-hungary&amp;utm_campaign=ppc-ibs-mar-msn-nl-nl-ee_ai-mix-sear&amp;utm_content=nl-nl-HU-V0636&amp;utm_medium=cpc&amp;utm_source=bing&amp;utm_term=mar\" target=\"_blank\" rel=\"noopener\">ibis Styles Budapest City<\/a>&nbsp;<span style=\"font-size: 14px;\">ADDRESS: Soroks\u00e1ri \u00fat 12 \u2013 1095 Budapest &#8211; Hungary<\/span><\/div>\n<p>HOTEL: <a href=\"https:\/\/all.accor.com\/ssr\/app\/ibis\/rates\/2997\/index.nl.shtml?compositions=1&amp;dateIn=2024-05-13&amp;nights=1&amp;facets=ibs&amp;hideHotelDetails=false&amp;hideWDR=false&amp;destination=budapest-hungary&amp;utm_campaign=ppc-ibs-mar-msn-nl-nl-ee_ai-mix-sear&amp;utm_content=nl-nl-HU-V0636&amp;utm_medium=cpc&amp;utm_source=bing&amp;utm_term=mar\" target=\"_blank\" rel=\"noopener\">ibis Styles Budapest Center<\/a>&nbsp;&nbsp;<span style=\"font-size: 14px;\">ADDRESS: Rakoczi ut 58, NTAK: SZ19000380, sz\u00e1lloda, H-1074 <\/span><span style=\"font-size: 14px;\">Budapest,<\/span><\/p>\n<p><span style=\"font-size: 14px;\">HOTEL: <\/span><a style=\"font-size: 14px;\" href=\"https:\/\/all.accor.com\/hotel\/6565\/index.en.shtml\" target=\"_blank\" rel=\"noopener\">Mercure Budapest City Center Hotel<\/a>&nbsp;&nbsp;<span style=\"font-size: 14px;\">ADDRESS: V\u00c1CI UTCA 20.&nbsp;<\/span><span style=\"font-size: 14px;\">1052 BUDAPEST, HUNGARY<\/span><\/p>\n<p><span style=\"font-size: 14px;\">HOTEL: <a href=\"https:\/\/marriotthotels.com\" target=\"_blank\" rel=\"noopener\">Budapest Marriott Hotel<\/a>&nbsp;<\/span><span style=\"font-size: 14px;\">ADDRESS: Ap\u00e1czai Cs. J. u. 4.Budapest Hungary<\/span><\/p>\n<p style=\"font-family: 'Roboto Slab', sans-serif; font-size: 14px; font-style: normal; font-weight: 400;\"><strong style=\"font-size: 14px;\"><span style=\"font-size: 14px; color: #00825f;\">&nbsp;<\/span><\/strong><\/p>\n<p style=\"font-family: 'Roboto Slab', sans-serif; font-size: 14px; font-style: normal; font-weight: 400;\"><strong style=\"font-size: 14px;\"><span style=\"font-size: 14px; color: #00825f;\">HOTELS LOCATED AT BUDAPEST FERENC LISZT INTERNATIONAL AIRPORT (BUD)<\/span><\/strong><\/p>\n<p><span style=\"font-size: 14px;\">HOTEL: <a href=\"https:\/\/all.accor.com\/ssr\/app\/ibis\/rates\/B0I7\/index.nl.shtml?compositions=1&amp;dateIn=2024-05-13&amp;nights=1&amp;facets=ibs&amp;hideHotelDetails=false&amp;hideWDR=false&amp;destination=budapest-hungary&amp;utm_campaign=ppc-ibs-mar-msn-nl-nl-ee_ai-mix-sear&amp;utm_content=nl-nl-HU-V0636&amp;utm_medium=cpc&amp;utm_source=bing&amp;utm_term=mar\" target=\"_blank\" rel=\"noopener\">ibis Styles Budapest<\/a> Airport&nbsp;<\/span><span style=\"font-size: 14px;\">ADDRESS: Vecses, Liszt Ferenc, International Airport,&nbsp;<\/span><span style=\"font-size: 14px;\">Terminal2, 1185<\/span><\/p><p><span style=\"font-size: 14px;\"><br><\/span><\/p>\n<p><strong style=\"font-size: 14px;\"><span style=\"font-size: 14px; color: #00825f;\">HOTELS AROUND THE VENUE:<\/span><\/strong><\/p>\n<p>HOTEL: <a href=\"https:\/\/all.accor.com\/hotel\/B876\/index.en.shtml\" target=\"_blank\" rel=\"noopener\">ibis Budapest Stadium<\/a><\/p>\n<p>ADDRESS: 1097 Boedapest, 34 krt Konyves Kalman,<\/p>\n<p><span style=\"font-size: 14px;\">In addition to these options, there are many other hotels&nbsp;<\/span><span style=\"font-size: 14px;\">located on the public transportation line and in the downtown can be found at&nbsp;<\/span><span style=\"font-size: 14px;\">Booking.com or similar websites.&nbsp;<\/span><\/p>\t\t\t\t\t\t\t\t<\/div>\n\t\t\t\t<\/div>\n\t\t\t\t\t<\/div>\n\t\t\t\t<\/div>\n\t\t<div class=\"elementor-element elementor-element-fa37431 e-flex e-con-boxed e-con e-parent\" data-id=\"fa37431\" data-element_type=\"container\" data-e-type=\"container\">\n\t\t\t\t\t<div class=\"e-con-inner\">\n\t\t\t\t<div class=\"elementor-element elementor-element-44b4f51 elementor-widget elementor-widget-heading\" data-id=\"44b4f51\" data-element_type=\"widget\" data-e-type=\"widget\" data-widget_type=\"heading.default\">\n\t\t\t\t<div class=\"elementor-widget-container\">\n\t\t\t\t\t<h2 class=\"elementor-heading-title elementor-size-default\">Budapest<\/h2>\t\t\t\t<\/div>\n\t\t\t\t<\/div>\n\t\t\t\t\t<\/div>\n\t\t\t\t<\/div>\n\t\t<div class=\"elementor-element elementor-element-2d1f56d e-flex e-con-boxed e-con e-parent\" data-id=\"2d1f56d\" data-element_type=\"container\" data-e-type=\"container\">\n\t\t\t\t\t<div class=\"e-con-inner\">\n\t\t\t\t<div class=\"elementor-element elementor-element-8313da8 elementor-widget elementor-widget-video\" data-id=\"8313da8\" data-element_type=\"widget\" data-e-type=\"widget\" data-settings=\"{&quot;youtube_url&quot;:&quot;https:\\\/\\\/www.youtube.com\\\/watch?v=B_Hfmp-z7AE&quot;,&quot;end&quot;:212,&quot;yt_privacy&quot;:&quot;yes&quot;,&quot;video_type&quot;:&quot;youtube&quot;,&quot;controls&quot;:&quot;yes&quot;}\" data-widget_type=\"video.default\">\n\t\t\t\t<div class=\"elementor-widget-container\">\n\t\t\t\t\t\t\t<div class=\"elementor-wrapper elementor-open-inline\">\n\t\t\t<div class=\"elementor-video\"><\/div>\t\t<\/div>\n\t\t\t\t\t\t<\/div>\n\t\t\t\t<\/div>\n\t\t\t\t<div class=\"elementor-element elementor-element-451f5e9 elementor-widget elementor-widget-text-editor\" data-id=\"451f5e9\" data-element_type=\"widget\" data-e-type=\"widget\" data-widget_type=\"text-editor.default\">\n\t\t\t\t<div class=\"elementor-widget-container\">\n\t\t\t\t\t\t\t\t\t<p><strong>The history of Budapest\u00a0is the history of three cities: Obuda<\/strong>, &#8220;old Buda&#8221;,\u00a0<strong>Buda<\/strong>\u00a0the high city found on the banks of the left bank, and<strong>\u00a0Pest<\/strong>, found on the right bank.<\/p><p>The history of Budapest begins with the oldest city, Obuda, occupied by Celtic tribes until the conquest of the Romans in the 1st century BC.\u00a0<strong style=\"font-size: 14px; color: var( --e-global-color-text ); text-align: var(--text-align);\">Obuda, which the Romans called &#8220;Aquincum&#8221;, was founded in the year 89 on an ancient Celtic settlement.<\/strong><span style=\"font-size: 14px; color: var( --e-global-color-text ); text-align: var(--text-align);\">\u00a0For four centuries it was the capital of the Roman region of Pannonia. Aquincum comes from the word &#8220;aqua&#8221; (with water), in honor of the numerous thermal springs that\u00a0Budapest is so famous for.<\/span><\/p><p>Buda was born as a Roman colony and its foundation was established around 14 BC.<\/p><p>In 896,\u00a0<a title=\"Heroes' Square\" href=\"https:\/\/www.introducingbudapest.com\/heroes-square\">seven Magyars\u00a0tribes<\/a>\u00a0came together and defeated the Romans<span style=\"font-size: 14px; color: var( --e-global-color-text );\">. They conquered the area and settled in Aquincum. Centuries later, in the thirteenth century, the settlement was called \u00d3buda and two separate cities began to develop on either side of the\u00a0<\/span><a style=\"font-size: 14px;\" title=\"Budapest River cruises\" href=\"https:\/\/www.introducingbudapest.com\/budapest-river-cruise\">Danube River<\/a><span style=\"font-size: 14px; color: var( --e-global-color-text );\">.<\/span><\/p><p>Hungary was established in 1000 AD as a Catholic Apostolic Kingdom with the coronation of the country\u2019s first King, Stephen I of Hungary. In 1222, King Andrew II of Hungary issued the Golden Bull of 1222, the country\u2019s first constitution.<\/p><p>In 1241, the Mongols invaded the area and both cities were completely destroyed. King B\u00e9lv IV of Hungary commissioned both towns to be rebuilt and during this period, Buda was founded opposite \u00d3buda.<\/p><p>Buda became the capital of the Kingdom of Hungary in 1361\u00a0and between the fourteenth and fifteenth century, the city developed greatly, decreasing after the reign of\u00a0Matthias Corvinus, King of Hungary and Croatia.<\/p><p>Pest was conquered by the Ottoman Empire in 1526, followed years later by the siege of Buda in 1541. Buda was made capital of the Budin province during the Ottoman rule, while Pest declined and was practically abandoned.\u00a0The Turks remained in power until 1686, year in which they were\u00a0defeated by the Habsburg\u00a0and Buda became part of the Habsburg dominion.<\/p><p>During the Habsburg rule, both cities began to develop again and many churches and landmarks were built during this period. In 1784, Joseph II established the Institutum Geometricum as part of the Faculty of Liberal Arts at the University of Buda. Count Sz\u00e9chenyi led a movement of progress in both cities and\u00a0in 1849, the first permanent bridge was constructed connecting Buda and Pest. It is known as the\u00a0<a title=\"Chain Bridge\" href=\"https:\/\/www.introducingbudapest.com\/chain-bridge\">Chain Bridge<\/a>.<\/p><p><b>Unification of \u00d3buda, Buda and Pest<\/b><\/p><p>\u00d3buda, Buda and Pest were unified into one single city in 1873, naming the city Budapest. After Vienna, it became the second main city in the Austro-Hungarian Empire.<\/p><p>After World War I, the Allies and the Republic of German-Austria signed the treaty of Saint-Germain-en-Laye. &#8230;.<\/p><p>For further information, please feel free to follow links in the text those will direct to the source website.<\/p><p>Source: <a href=\"https:\/\/www.introducingbudapest.com\/history?_gl=1*keox6d*_up*MQ..*_ga*OTAyMTU1MDAyLjE2OTkzMTU3MDQ.*_ga_JS7NJG41ZX*MTY5OTMxNTcwNC4xLjEuMTY5OTMxNTcyNC4wLjAuMA..*_ga_216706797*MTY5OTMxNTcwNC4xLjAuMTY5OTMxNTcyNC4wLjAuMA..\" target=\"_blank\" rel=\"noopener\">introducingbudapest.com<\/a><\/p><p>\u00a0<\/p><p>\u00a0<\/p>\t\t\t\t\t\t\t\t<\/div>\n\t\t\t\t<\/div>\n\t\t\t\t\t<\/div>\n\t\t\t\t<\/div>\n\t\t\t\t<\/div>\n\t\t","protected":false},"excerpt":{"rendered":"<p>Bosch Budapest Innovation Campus The Bosch Budapest Innovation Campus is a vision of the workplace of the future, providing an inspiring and creative working environment for the employees. The design of the different functions is in line with the company&#8217;s new way of working concept. Taking into account the latest HR trends and feedback from<\/p>\n<p class=\"more-link\"><a href=\"https:\/\/gpecom.org\/2024\/venue\/\" class=\"themebutton\">Read More<\/a><\/p>\n","protected":false},"author":1,"featured_media":0,"parent":0,"menu_order":0,"comment_status":"closed","ping_status":"closed","template":"","meta":{"footnotes":""},"class_list":["post-108","page","type-page","status-publish","hentry"],"_links":{"self":[{"href":"https:\/\/gpecom.org\/2024\/wp-json\/wp\/v2\/pages\/108","targetHints":{"allow":["GET"]}}],"collection":[{"href":"https:\/\/gpecom.org\/2024\/wp-json\/wp\/v2\/pages"}],"about":[{"href":"https:\/\/gpecom.org\/2024\/wp-json\/wp\/v2\/types\/page"}],"author":[{"embeddable":true,"href":"https:\/\/gpecom.org\/2024\/wp-json\/wp\/v2\/users\/1"}],"replies":[{"embeddable":true,"href":"https:\/\/gpecom.org\/2024\/wp-json\/wp\/v2\/comments?post=108"}],"version-history":[{"count":19,"href":"https:\/\/gpecom.org\/2024\/wp-json\/wp\/v2\/pages\/108\/revisions"}],"predecessor-version":[{"id":640,"href":"https:\/\/gpecom.org\/2024\/wp-json\/wp\/v2\/pages\/108\/revisions\/640"}],"wp:attachment":[{"href":"https:\/\/gpecom.org\/2024\/wp-json\/wp\/v2\/media?parent=108"}],"curies":[{"name":"wp","href":"https:\/\/api.w.org\/{rel}","templated":true}]}}